{"id":11,"date":"2025-09-21T18:07:01","date_gmt":"2025-09-21T18:07:01","guid":{"rendered":"https:\/\/reconnegos.com\/?page_id=11"},"modified":"2026-03-30T02:05:36","modified_gmt":"2026-03-30T02:05:36","slug":"formacao-profissional","status":"publish","type":"page","link":"https:\/\/www.reconnegos.com\/index.php\/formacao-profissional\/","title":{"rendered":"ERP Primavera"},"content":{"rendered":"\n<p class=\"wp-block-paragraph\">ERP Primavera<\/p>\n\n\n\n<p class=\"wp-block-paragraph\">Fazemos instala\u00e7\u00e3o e ministramos cursos em software ERP Primavera.<\/p>\n\n\n\n<figure class=\"wp-block-image size-full\"><img loading=\"lazy\" decoding=\"async\" width=\"940\" height=\"353\" src=\"https:\/\/www.reconnegos.com\/wp-content\/uploads\/2026\/03\/image.png\" alt=\"\" class=\"wp-image-117\" srcset=\"https:\/\/www.reconnegos.com\/wp-content\/uploads\/2026\/03\/image.png 940w, https:\/\/www.reconnegos.com\/wp-content\/uploads\/2026\/03\/image-300x113.png 300w, https:\/\/www.reconnegos.com\/wp-content\/uploads\/2026\/03\/image-767x288.png 767w\" sizes=\"auto, (max-width: 940px) 100vw, 940px\" \/><\/figure>\n\n\n\n<p class=\"wp-block-paragraph\">\ud83d\udccaO programa ERP Primavera pode ser usado em gest\u00e3o de empresas, em vendas, factura\u00e7\u00e3o em supermercados, farm\u00e1cias, lojas, cantinas, escolas, col\u00e9gios, presta\u00e7\u00e3o de servi\u00e7os e em organiza\u00e7\u00f5es sem fim lucrativos.<\/p>\n\n\n\n<figure class=\"wp-block-image size-full is-resized\"><img loading=\"lazy\" decoding=\"async\" width=\"430\" height=\"286\" src=\"https:\/\/www.reconnegos.com\/wp-content\/uploads\/2026\/03\/image-1.png\" alt=\"\" class=\"wp-image-118\" style=\"width:840px;height:auto\" srcset=\"https:\/\/www.reconnegos.com\/wp-content\/uploads\/2026\/03\/image-1.png 430w, https:\/\/www.reconnegos.com\/wp-content\/uploads\/2026\/03\/image-1-300x200.png 300w\" sizes=\"auto, (max-width: 430px) 100vw, 430px\" \/><\/figure>\n\n\n\n<p class=\"wp-block-paragraph\">M\u00f3dulos<br>\u2714\ufe0fPOS (Ponto de Venda)<br>\u2714\ufe0f Exporta\u00e7\u00e3o de SAFT<br>\u2714\ufe0fContabilidade<br>\u2714\ufe0fFactura\u00e7\u00e3o\/Compras<br>\u2714\ufe0fRecursos Humanos<br>\u2714\ufe0fMarketing e Vendas<br>\u2714\ufe0fActivos e Equipamentos<br>\u2714\ufe0fInvent\u00e1rio<br>\u2714\ufe0fObriga\u00e7\u00f5es Declarativas<br>\u2714\ufe0fCaixas e Bancos<br>\u2714\ufe0fControlo<br>\u2714\ufe0fPagamentos e Recebimentos<br>\u2714\ufe0fProjectos e Servi\u00e7os<br>\u2714\ufe0f\u00c1rea Geral<br>\u2714\ufe0fEngenharia de Produtos<br>\u2714\ufe0f Exporta\u00e7\u00e3o de Relat\u00f3rios<br>\u2714\ufe0f Geral<\/p>\n\n\n\n<p class=\"wp-block-paragraph\"><\/p>\n\n\n\n<p class=\"wp-block-paragraph\"><\/p>\n","protected":false},"excerpt":{"rendered":"<p>ERP Primavera Fazemos instala\u00e7\u00e3o e ministramos cursos em software ERP Primavera. \ud83d\udccaO programa ERP Primavera pode ser usado em gest\u00e3o de empresas, em vendas, factura\u00e7\u00e3o&hellip;<\/p>\n","protected":false},"author":1,"featured_media":0,"parent":0,"menu_order":0,"comment_status":"closed","ping_status":"closed","template":"","meta":{"_crdt_document":"","footnotes":""},"class_list":["post-11","page","type-page","status-publish","hentry"],"jetpack_sharing_enabled":true,"jetpack_likes_enabled":true,"_links":{"self":[{"href":"https:\/\/www.reconnegos.com\/index.php\/wp-json\/wp\/v2\/pages\/11","targetHints":{"allow":["GET"]}}],"collection":[{"href":"https:\/\/www.reconnegos.com\/index.php\/wp-json\/wp\/v2\/pages"}],"about":[{"href":"https:\/\/www.reconnegos.com\/index.php\/wp-json\/wp\/v2\/types\/page"}],"author":[{"embeddable":true,"href":"https:\/\/www.reconnegos.com\/index.php\/wp-json\/wp\/v2\/users\/1"}],"replies":[{"embeddable":true,"href":"https:\/\/www.reconnegos.com\/index.php\/wp-json\/wp\/v2\/comments?post=11"}],"version-history":[{"count":2,"href":"https:\/\/www.reconnegos.com\/index.php\/wp-json\/wp\/v2\/pages\/11\/revisions"}],"predecessor-version":[{"id":119,"href":"https:\/\/www.reconnegos.com\/index.php\/wp-json\/wp\/v2\/pages\/11\/revisions\/119"}],"wp:attachment":[{"href":"https:\/\/www.reconnegos.com\/index.php\/wp-json\/wp\/v2\/media?parent=11"}],"curies":[{"name":"wp","href":"https:\/\/api.w.org\/{rel}","templated":true}]}}