{"id":65,"date":"2025-09-21T19:22:16","date_gmt":"2025-09-21T19:22:16","guid":{"rendered":"https:\/\/reconnegos.com\/?page_id=65"},"modified":"2026-03-30T02:14:14","modified_gmt":"2026-03-30T02:14:14","slug":"criacao-de-websites","status":"publish","type":"page","link":"https:\/\/www.reconnegos.com\/index.php\/criacao-de-websites\/","title":{"rendered":"Cria\u00e7\u00e3o de Websites"},"content":{"rendered":"\n<p class=\"wp-block-paragraph\"><img loading=\"lazy\" decoding=\"async\" height=\"16\" width=\"16\" alt=\"\ud83d\udcbb\" src=\"https:\/\/static.xx.fbcdn.net\/images\/emoji.php\/v9\/t8c\/1\/16\/1f4bb.png\">GRANDE PROMO\u00c7\u00c3O PARA A CRIA\u00c7\u00c3O DE WEBSITES, REGISTO DE DOM\u00cdNIO E E-MAILs CORPORATIVOS SEM LIMITES!<\/p>\n\n\n\n<p class=\"wp-block-paragraph\"><img loading=\"lazy\" decoding=\"async\" height=\"16\" width=\"16\" alt=\"\ud83d\udce2\" src=\"https:\/\/static.xx.fbcdn.net\/images\/emoji.php\/v9\/t39\/1\/16\/1f4e2.png\">DIVULGUE O SEU NEG\u00d3CIO E ALCANCE MAIS CLIENTE!<img loading=\"lazy\" decoding=\"async\" height=\"16\" width=\"16\" alt=\"\ud83d\udce2\" src=\"https:\/\/static.xx.fbcdn.net\/images\/emoji.php\/v9\/t39\/1\/16\/1f4e2.png\"><\/p>\n\n\n\n<p class=\"wp-block-paragraph\">Estamos a, registar dom\u00ednios criar Websites e Emails corporatativos para os seus alcan\u00e7ares mais clientes e estabeleceres a sua marca no mercado.<\/p>\n\n\n\n<figure class=\"wp-block-image size-full\"><img loading=\"lazy\" decoding=\"async\" width=\"1000\" height=\"600\" src=\"https:\/\/www.reconnegos.com\/wp-content\/uploads\/2026\/03\/onlinebiz-multi-devices-pos-Copia.png\" alt=\"\" class=\"wp-image-114\" srcset=\"https:\/\/www.reconnegos.com\/wp-content\/uploads\/2026\/03\/onlinebiz-multi-devices-pos-Copia.png 1000w, https:\/\/www.reconnegos.com\/wp-content\/uploads\/2026\/03\/onlinebiz-multi-devices-pos-Copia-300x180.png 300w, https:\/\/www.reconnegos.com\/wp-content\/uploads\/2026\/03\/onlinebiz-multi-devices-pos-Copia-767x460.png 767w\" sizes=\"auto, (max-width: 1000px) 100vw, 1000px\" \/><\/figure>\n\n\n\n<p class=\"wp-block-paragraph\">Num \u00fanico pacote criamos para o seu neg\u00f3cio:<\/p>\n\n\n\n<p class=\"wp-block-paragraph\">1-Website Profissional e Responsivo<\/p>\n\n\n\n<p class=\"wp-block-paragraph\">2-<img loading=\"lazy\" decoding=\"async\" height=\"16\" width=\"16\" alt=\"\ud83d\udce7\" src=\"https:\/\/static.xx.fbcdn.net\/images\/emoji.php\/v9\/tbe\/1\/16\/1f4e7.png\">E-mails corporativos<\/p>\n\n\n\n<p class=\"wp-block-paragraph\">Em que Inclu\u00ed:<\/p>\n\n\n\n<p class=\"wp-block-paragraph\"><img loading=\"lazy\" decoding=\"async\" height=\"16\" width=\"16\" alt=\"\ud83d\udd39\" src=\"https:\/\/static.xx.fbcdn.net\/images\/emoji.php\/v9\/tf3\/1\/16\/1f539.png\">Dom\u00ednio pr\u00f3prio anual<\/p>\n\n\n\n<p class=\"wp-block-paragraph\"><img loading=\"lazy\" decoding=\"async\" height=\"16\" width=\"16\" alt=\"\ud83d\udd39\" src=\"https:\/\/static.xx.fbcdn.net\/images\/emoji.php\/v9\/tf3\/1\/16\/1f539.png\">Hospedagem anual<\/p>\n\n\n\n<p class=\"wp-block-paragraph\"><img loading=\"lazy\" decoding=\"async\" height=\"16\" width=\"16\" alt=\"\ud83d\udd39\" src=\"https:\/\/static.xx.fbcdn.net\/images\/emoji.php\/v9\/tf3\/1\/16\/1f539.png\">Contas de emails profissionais sem limites<\/p>\n\n\n\n<p class=\"wp-block-paragraph\"><img loading=\"lazy\" decoding=\"async\" height=\"16\" width=\"16\" alt=\"\ud83d\udd39\" src=\"https:\/\/static.xx.fbcdn.net\/images\/emoji.php\/v9\/tf3\/1\/16\/1f539.png\">Espa\u00e7o para plataformas ou lojas online<\/p>\n\n\n\n<p class=\"wp-block-paragraph\"><img loading=\"lazy\" decoding=\"async\" height=\"16\" width=\"16\" alt=\"\ud83d\udd39\" src=\"https:\/\/static.xx.fbcdn.net\/images\/emoji.php\/v9\/tf3\/1\/16\/1f539.png\">Vasto espa\u00e7o no disco<\/p>\n\n\n\n<p class=\"wp-block-paragraph\"><img loading=\"lazy\" decoding=\"async\" height=\"16\" width=\"16\" alt=\"\ud83d\udd39\" src=\"https:\/\/static.xx.fbcdn.net\/images\/emoji.php\/v9\/tf3\/1\/16\/1f539.png\">Servi\u00e7os de CMS, como WordPress, Joomla, Drupal e E-commerce.<\/p>\n\n\n\n<p class=\"wp-block-paragraph\"><img loading=\"lazy\" decoding=\"async\" height=\"16\" width=\"16\" alt=\"\ud83d\udd39\" src=\"https:\/\/static.xx.fbcdn.net\/images\/emoji.php\/v9\/tf3\/1\/16\/1f539.png\">Acesso a plugins ilimitado<\/p>\n\n\n\n<p class=\"wp-block-paragraph\"><img loading=\"lazy\" decoding=\"async\" height=\"16\" width=\"16\" alt=\"\ud83d\udcca\" src=\"https:\/\/static.xx.fbcdn.net\/images\/emoji.php\/v9\/taa\/1\/16\/1f4ca.png\">Vantagens: Com este pacote o seu neg\u00f3cio ou a sua marca ter\u00e1 maior alcance tanto a n\u00edvel nacional como internacional. Estar\u00e1s bem posicionado no mercado. E trar\u00e1 mais credibilidade ao seu neg\u00f3cio.<\/p>\n\n\n\n<p class=\"wp-block-paragraph\"><img loading=\"lazy\" decoding=\"async\" height=\"16\" width=\"16\" src=\"https:\/\/static.xx.fbcdn.net\/images\/emoji.php\/v9\/tdf\/1\/16\/1f4b5.png\" alt=\"\ud83d\udcb5\">Tudo por apenas 75.000kz<\/p>\n\n\n\n<p class=\"wp-block-paragraph\"><img loading=\"lazy\" decoding=\"async\" height=\"16\" width=\"16\" alt=\"\ud83d\uded2\" src=\"https:\/\/static.xx.fbcdn.net\/images\/emoji.php\/v9\/t1c\/1\/16\/1f6d2.png\">Solicite a promo\u00e7\u00e3o!<\/p>\n\n\n\n<p class=\"wp-block-paragraph\"><a href=\"https:\/\/l.facebook.com\/l.php?u=https%3A%2F%2Fapi.whatsapp.com%2Fsend%3Fphone%3D244947167926%26token%3DeyJhbGciOiJFUzI1NiIsInR5cCI6IkpXVCIsImtpZCI6IjEyNSJ9.eyJleHAiOjE3NzQ5MjIyODksInBob25lIjoiMjQ0OTQ3MTY3OTI2IiwidGV4dCI6IkxpZ2FcdTAwZTdcdTAwZTNvOlxuaHR0cHM6XC9cL2ZiLm1lXC80dVJXTjVSQjlcblxuVmkgaXN0byBubyBGYWNlYm9vay4uLiIsImNvbnRleHQiOiJBZmkwMFptOW96MHVMb2VSeW95ZlZZWTJEZXZFcUVweXQ0VWI2c1lydHg5OGdBUFJQemRoUU95RDl6enA5cU9ZOHktMC0xM2ozZ3Y5LTI1NnYwMkhwazJlb3Q0UkFtRVo5eGFzZGRkTDFNaUlwdndtMUk1bGI4eEFJRERQY3BaZzlaVGR4M2tfT0hTZ2gwbHpGWi01TUEzRmxBIiwic291cmNlIjoiIiwiYXBwIjoiZmFjZWJvb2sifQ.5GFek0Jv9sh8a0aSKeDYUT_RE1UAFFTI6cUFYLJFjjwE_6NoGNo6Y7nM-UfwY-4uTyqo8sm6Ns0Q7IB-shfBag%26fbclid%3DIwZXh0bgNhZW0CMTAAYnJpZBExeGZyWG14anhqSDJlT3R0MnNydGMGYXBwX2lkEDIyMjAzOTE3ODgyMDA4OTIAAR4oofs3lP8OvbZjFiH94w-qFC33frS3NZE7t81OFRybYehBpbkyngO5jFUVig_aem_vd1u7b7aqwH1zpf33QHQPg&amp;h=AT7TPmK8DhDCsBSy1O-bpTTpRvwfTwR_S_qVrjNeWFKZywX2rCWKLGQWOkxyNgRdj__0QtbKkCYUtQx_qBgoCxikjN39Md3QB9AftCt-aPW1-7cRkHav-pA0xC94rHbso8tWXw&amp;__tn__=-UK-R&amp;c[0]=AT5dAGETUEMOp1foJWF7nzr6w1lIDW4VtIlFd5fFNbyNFo6bOq32Qy67Fy2pedDMz_9GckKt84UFmOYFWCa6POajYQ_BbtLHTu9LFWoAQly4m5xi5AvQ9km64b79EFdyQ0xKqYDGJjKjFjAnTYgQQ8YJYkBsCM7XrVtT2h323ujxX0SfHPS2ismqGSicDGRwB0oou-W6MRThy7y8nx3UxXSV\" rel=\"noreferrer noopener\" target=\"_blank\">947 167 926<\/a><\/p>\n\n\n\n<p class=\"wp-block-paragraph\">Tel. 947167926 | 950894479 | 992451734<\/p>\n\n\n\n<p class=\"wp-block-paragraph\"><img loading=\"lazy\" decoding=\"async\" height=\"16\" width=\"16\" alt=\"\ud83c\udfaf\" src=\"https:\/\/static.xx.fbcdn.net\/images\/emoji.php\/v9\/tb0\/1\/16\/1f3af.png\">Estamos na rua principal Avenida 21 de Janeiro, no bairo Cassequel,<\/p>\n\n\n\n<p class=\"wp-block-paragraph\">frente ao banco BIC junto do Clube 1\u00ba de Agosto<\/p>\n\n\n\n<p class=\"wp-block-paragraph\"><\/p>\n","protected":false},"excerpt":{"rendered":"<p>GRANDE PROMO\u00c7\u00c3O PARA A CRIA\u00c7\u00c3O DE WEBSITES, REGISTO DE DOM\u00cdNIO E E-MAILs CORPORATIVOS SEM LIMITES! DIVULGUE O SEU NEG\u00d3CIO E ALCANCE MAIS CLIENTE! Estamos a,&hellip;<\/p>\n","protected":false},"author":1,"featured_media":0,"parent":0,"menu_order":0,"comment_status":"closed","ping_status":"closed","template":"","meta":{"_crdt_document":"","footnotes":""},"class_list":["post-65","page","type-page","status-publish","hentry"],"jetpack_sharing_enabled":true,"jetpack_likes_enabled":true,"_links":{"self":[{"href":"https:\/\/www.reconnegos.com\/index.php\/wp-json\/wp\/v2\/pages\/65","targetHints":{"allow":["GET"]}}],"collection":[{"href":"https:\/\/www.reconnegos.com\/index.php\/wp-json\/wp\/v2\/pages"}],"about":[{"href":"https:\/\/www.reconnegos.com\/index.php\/wp-json\/wp\/v2\/types\/page"}],"author":[{"embeddable":true,"href":"https:\/\/www.reconnegos.com\/index.php\/wp-json\/wp\/v2\/users\/1"}],"replies":[{"embeddable":true,"href":"https:\/\/www.reconnegos.com\/index.php\/wp-json\/wp\/v2\/comments?post=65"}],"version-history":[{"count":3,"href":"https:\/\/www.reconnegos.com\/index.php\/wp-json\/wp\/v2\/pages\/65\/revisions"}],"predecessor-version":[{"id":125,"href":"https:\/\/www.reconnegos.com\/index.php\/wp-json\/wp\/v2\/pages\/65\/revisions\/125"}],"wp:attachment":[{"href":"https:\/\/www.reconnegos.com\/index.php\/wp-json\/wp\/v2\/media?parent=65"}],"curies":[{"name":"wp","href":"https:\/\/api.w.org\/{rel}","templated":true}]}}